{"id":462,"date":"2023-05-18T13:35:34","date_gmt":"2023-05-18T10:35:34","guid":{"rendered":"https:\/\/www.denizlojistik.net\/?page_id=462"},"modified":"2025-05-17T19:20:16","modified_gmt":"2025-05-17T16:20:16","slug":"vizyon-misyon","status":"publish","type":"page","link":"https:\/\/www.denizlojistik.net\/?page_id=462","title":{"rendered":"V\u0130ZYON M\u0130SYON"},"content":{"rendered":"<p>[vc_row][vc_column width=&#8221;1\/2&#8243;][vc_custom_heading text=&#8221;V\u0130ZYON&#8221; font_container=&#8221;tag:h1|text_align:left|color:%23195e9c&#8221; use_theme_fonts=&#8221;yes&#8221;][vc_column_text]<\/p>\n<p style=\"margin: 0cm; background: white;\"><span style=\"font-family: 'Arial',sans-serif; color: #222222; background: white;\">H\u0131zl\u0131 ve y\u00fcksek standartlarda ta\u015f\u0131ma hizmeti sa\u011flayarak, yurti\u00e7i ve yurtd\u0131\u015f\u0131nda rekabet g\u00fcc\u00fcne ivme kazand\u0131r\u0131p, \u00fclke ekonomisine katk\u0131da bulunmak<\/span><\/p>\n<p>[\/vc_column_text][vc_empty_space][vc_custom_heading text=&#8221;M\u0130SYON&#8221; font_container=&#8221;tag:h1|text_align:left|color:%23195e9c&#8221; use_theme_fonts=&#8221;yes&#8221;][vc_column_text]S\u00fcrd\u00fcr\u00fclebilir, teknolojik, maddi-manevi de\u011ferler yaratan lojistik \u00e7\u00f6z\u00fcmler sunmak.[\/vc_column_text][vc_empty_space][\/vc_column][vc_column width=&#8221;1\/2&#8243;][vc_empty_space][vc_single_image image=&#8221;622&#8243; img_size=&#8221;full&#8221;][\/vc_column][\/vc_row][vc_row][vc_column width=&#8221;1\/3&#8243;][vc_custom_heading text=&#8221;DE\u011eERLER\u0130M\u0130Z&#8221; font_container=&#8221;tag:h1|text_align:left|color:%23195e9c&#8221; use_theme_fonts=&#8221;yes&#8221;][vc_column_text]<\/p>\n<h5>Kaliteli Hizmet<\/h5>\n<p>M\u00fc\u015fterilerimizin ihtiya\u00e7lar\u0131n\u0131 ve beklentilerini kar\u015f\u0131layan hizmet anlay\u0131\u015f\u0131[\/vc_column_text][\/vc_column][vc_column width=&#8221;1\/3&#8243;][vc_empty_space height=&#8221;64px&#8221;][vc_column_text]<\/p>\n<h5>Profesyonellik<\/h5>\n<p>Zaman\u0131 etkili kullan\u0131yor, m\u00fc\u015fterilerimizi dinliyor ve kendimizi s\u00fcrekli geli\u015ftiriyoruz.[\/vc_column_text][\/vc_column][vc_column width=&#8221;1\/3&#8243;][vc_empty_space height=&#8221;64px&#8221;][vc_column_text]<\/p>\n<h5>Tecr\u00fcbe<\/h5>\n<p>\u00c7al\u0131\u015fmalar\u0131m\u0131z bize yol g\u00f6sterir, i\u015fimizi iyi analiz ederiz ve en iyisini yapmaktan asla vazge\u00e7meyiz.[\/vc_column_text][\/vc_column][\/vc_row]<\/p>\n","protected":false},"excerpt":{"rendered":"<p>[vc_row][vc_column width=&#8221;1\/2&#8243;][vc_custom_heading text=&#8221;V\u0130ZYON&#8221; font_container=&#8221;tag:h1|text_align:left|color:%23195e9c&#8221; use_theme_fonts=&#8221;yes&#8221;][vc_column_text] H\u0131zl\u0131 ve y\u00fcksek standartlarda ta\u015f\u0131ma hizmeti sa\u011flayarak, yurti\u00e7i ve yurtd\u0131\u015f\u0131nda rekabet g\u00fcc\u00fcne ivme kazand\u0131r\u0131p, \u00fclke ekonomisine katk\u0131da bulunmak [\/vc_column_text][vc_empty_space][vc_custom_heading text=&#8221;M\u0130SYON&#8221; font_container=&#8221;tag:h1|text_align:left|color:%23195e9c&#8221; use_theme_fonts=&#8221;yes&#8221;][vc_column_text]S\u00fcrd\u00fcr\u00fclebilir, teknolojik, maddi-manevi de\u011ferler yaratan lojistik \u00e7\u00f6z\u00fcmler sunmak.[\/vc_column_text][vc_empty_space][\/vc_column][vc_column width=&#8221;1\/2&#8243;][vc_empty_space][vc_single_image image=&#8221;622&#8243; img_size=&#8221;full&#8221;][\/vc_column][\/vc_row][vc_row][vc_column width=&#8221;1\/3&#8243;][vc_custom_heading text=&#8221;DE\u011eERLER\u0130M\u0130Z&#8221; font_container=&#8221;tag:h1|text_align:left|color:%23195e9c&#8221; use_theme_fonts=&#8221;yes&#8221;][vc_column_text] Kaliteli Hizmet M\u00fc\u015fterilerimizin ihtiya\u00e7lar\u0131n\u0131 ve beklentilerini kar\u015f\u0131layan hizmet anlay\u0131\u015f\u0131[\/vc_column_text][\/vc_column][vc_column width=&#8221;1\/3&#8243;][vc_empty_space height=&#8221;64px&#8221;][vc_column_text] Profesyonellik Zaman\u0131 etkili&hellip;<\/p>\n","protected":false},"author":1,"featured_media":0,"parent":0,"menu_order":0,"comment_status":"closed","ping_status":"closed","template":"","meta":{"_joinchat":[]},"class_list":["post-462","page","type-page","status-publish","hentry","description-off"],"_links":{"self":[{"href":"https:\/\/www.denizlojistik.net\/index.php?rest_route=\/wp\/v2\/pages\/462","targetHints":{"allow":["GET"]}}],"collection":[{"href":"https:\/\/www.denizlojistik.net\/index.php?rest_route=\/wp\/v2\/pages"}],"about":[{"href":"https:\/\/www.denizlojistik.net\/index.php?rest_route=\/wp\/v2\/types\/page"}],"author":[{"embeddable":true,"href":"https:\/\/www.denizlojistik.net\/index.php?rest_route=\/wp\/v2\/users\/1"}],"replies":[{"embeddable":true,"href":"https:\/\/www.denizlojistik.net\/index.php?rest_route=%2Fwp%2Fv2%2Fcomments&post=462"}],"version-history":[{"count":29,"href":"https:\/\/www.denizlojistik.net\/index.php?rest_route=\/wp\/v2\/pages\/462\/revisions"}],"predecessor-version":[{"id":718,"href":"https:\/\/www.denizlojistik.net\/index.php?rest_route=\/wp\/v2\/pages\/462\/revisions\/718"}],"wp:attachment":[{"href":"https:\/\/www.denizlojistik.net\/index.php?rest_route=%2Fwp%2Fv2%2Fmedia&parent=462"}],"curies":[{"name":"wp","href":"https:\/\/api.w.org\/{rel}","templated":true}]}}