{"id":453,"date":"2023-05-18T13:26:45","date_gmt":"2023-05-18T10:26:45","guid":{"rendered":"https:\/\/www.denizlojistik.net\/?page_id=453"},"modified":"2025-05-19T15:19:01","modified_gmt":"2025-05-19T12:19:01","slug":"hakkimizda","status":"publish","type":"page","link":"https:\/\/www.denizlojistik.net\/?page_id=453","title":{"rendered":"HAKKIMIZDA"},"content":{"rendered":"<p>[vc_row][vc_column width=&#8221;1\/2&#8243;][vc_custom_heading text=&#8221;HAKKIMIZDA&#8221; font_container=&#8221;tag:h1|text_align:left|color:%23195e9c&#8221; google_fonts=&#8221;font_family:Roboto%20Condensed%3A300%2C300italic%2Cregular%2Citalic%2C700%2C700italic|font_style:700%20bold%20regular%3A700%3Anormal&#8221;][vc_empty_space][vc_column_text]2014 \u00a0y\u0131l\u0131nda 12 ara\u00e7 ile kurulmu\u015f olup, y\u0131llar\u0131n deneyimi ve profesyonelli\u011fi sayesinde k\u0131sa s\u00fcrede ta\u015f\u0131mac\u0131l\u0131k sekt\u00f6r\u00fcnde \u00f6nemli bir yere sahip olmu\u015ftur.<\/p>\n<p>Kuruldu\u011fu g\u00fcnden itibaren sekt\u00f6r\u00fcn \u00f6nc\u00fc firmalar\u0131 aras\u0131nda olma hedefiyle yola \u00e7\u0131kan firmam\u0131z; yo\u011fun rekabet i\u00e7inde d\u00fcr\u00fcst, g\u00fcvenilir ve kaliteli hizmet vererek m\u00fc\u015fterilerimize 30 ara\u00e7 ile ithalat ve ihracat karayolu, denizyolu ta\u015f\u0131mac\u0131l\u0131\u011f\u0131 yapmaktad\u0131r.<\/p>\n<p>&nbsp;<\/p>\n<h3><strong>Lojistik Ya\u015famd\u0131r<\/strong><\/h3>\n<p><strong>\u00a0<\/strong><\/p>\n<p>Deniz lojistik\u00a0 firmam\u0131z bug\u00fcn \u00f6zellikle faaliyet g\u00f6sterdi\u011fi lojistik alan\u0131nda m\u00fc\u015fterilerinin yurt i\u00e7i yurt d\u0131\u015f\u0131 operasyonlar\u0131n\u0131 ba\u015far\u0131 ile s\u00fcrd\u00fcrmektedir. Bu ba\u015far\u0131n\u0131n s\u00fcrd\u00fcr\u00fclebilir olmas\u0131n\u0131 sa\u011flama y\u00f6n\u00fcnde m\u00fc\u015fteri memnuniyetini esas k\u0131lmak y\u00f6netim anlay\u0131\u015f\u0131m\u0131z\u0131n en \u00f6nemli kriteridir.<\/p>\n<p>Sekt\u00f6re yeni bir bak\u0131\u015f a\u00e7\u0131s\u0131 getirmeyi hedefleyerek kurulan, bilgi birikimi ve yenilik\u00e7i \u00e7al\u0131\u015fanlar\u0131yla, m\u00fc\u015fterilerine kusursuz hizmet sunmay\u0131 ama\u00e7layan bir ula\u015f\u0131m firmas\u0131y\u0131z. S\u00fcrekli de\u011fi\u015fim i\u00e7erisinde bulunan uluslararas\u0131 pazarlar\u0131,\u00a0 gen\u00e7 ve dinamik kadrosu ile yak\u0131ndan izleyen firmam\u0131z, m\u00fc\u015fterilerine karayolu ve denizyolu ula\u015f\u0131m\u0131 se\u00e7enekleriyle hizmet vermektedir. T\u00fcm ara\u00e7lar\u0131m\u0131zda \u0131s\u0131 kaydedici cihazlar bulunmakta ve ara\u00e7 filomuz 7\/24 kesintisiz uydu takip sistemi ile takip edilmektedir.[\/vc_column_text][\/vc_column][vc_column width=&#8221;1\/2&#8243;][vc_empty_space height=&#8221;100px&#8221;][vc_single_image image=&#8221;595&#8243; img_size=&#8221;full&#8221; alignment=&#8221;center&#8221; onclick=&#8221;link_image&#8221;][vc_column_text]<strong>\u00dcnvan : <\/strong>DEN\u0130Z ULUSLARARASI NAK.LOJ.\u0130TH.\u0130HR. TEKS.\u00dcR\u00dcN.AKAR.SAN.VE T\u0130C.LTD.\u015eT\u0130.<br \/>\n<strong>Vergi Dairesi:<\/strong>\u00a0NUSAYB\u0130N VERG\u0130 DA\u0130RES\u0130 M\u00dcD\u00dcRL\u00dc\u011e\u00dc<br \/>\n<strong>Vergi Kimlik Numaras\u0131:<\/strong> 2910819813<br \/>\n<strong>Ticaret Sicil No:<\/strong> 40475[\/vc_column_text][\/vc_column][\/vc_row]<\/p>\n","protected":false},"excerpt":{"rendered":"<p>[vc_row][vc_column width=&#8221;1\/2&#8243;][vc_custom_heading text=&#8221;HAKKIMIZDA&#8221; font_container=&#8221;tag:h1|text_align:left|color:%23195e9c&#8221; google_fonts=&#8221;font_family:Roboto%20Condensed%3A300%2C300italic%2Cregular%2Citalic%2C700%2C700italic|font_style:700%20bold%20regular%3A700%3Anormal&#8221;][vc_empty_space][vc_column_text]2014 \u00a0y\u0131l\u0131nda 12 ara\u00e7 ile kurulmu\u015f olup, y\u0131llar\u0131n deneyimi ve profesyonelli\u011fi sayesinde k\u0131sa s\u00fcrede ta\u015f\u0131mac\u0131l\u0131k sekt\u00f6r\u00fcnde \u00f6nemli bir yere sahip olmu\u015ftur. Kuruldu\u011fu g\u00fcnden itibaren sekt\u00f6r\u00fcn \u00f6nc\u00fc firmalar\u0131 aras\u0131nda olma hedefiyle yola \u00e7\u0131kan firmam\u0131z; yo\u011fun rekabet i\u00e7inde d\u00fcr\u00fcst, g\u00fcvenilir ve kaliteli hizmet vererek m\u00fc\u015fterilerimize 30 ara\u00e7 ile ithalat ve ihracat karayolu, denizyolu&hellip;<\/p>\n","protected":false},"author":1,"featured_media":0,"parent":0,"menu_order":0,"comment_status":"closed","ping_status":"closed","template":"","meta":{"_joinchat":[]},"class_list":["post-453","page","type-page","status-publish","hentry","description-off"],"_links":{"self":[{"href":"https:\/\/www.denizlojistik.net\/index.php?rest_route=\/wp\/v2\/pages\/453","targetHints":{"allow":["GET"]}}],"collection":[{"href":"https:\/\/www.denizlojistik.net\/index.php?rest_route=\/wp\/v2\/pages"}],"about":[{"href":"https:\/\/www.denizlojistik.net\/index.php?rest_route=\/wp\/v2\/types\/page"}],"author":[{"embeddable":true,"href":"https:\/\/www.denizlojistik.net\/index.php?rest_route=\/wp\/v2\/users\/1"}],"replies":[{"embeddable":true,"href":"https:\/\/www.denizlojistik.net\/index.php?rest_route=%2Fwp%2Fv2%2Fcomments&post=453"}],"version-history":[{"count":27,"href":"https:\/\/www.denizlojistik.net\/index.php?rest_route=\/wp\/v2\/pages\/453\/revisions"}],"predecessor-version":[{"id":761,"href":"https:\/\/www.denizlojistik.net\/index.php?rest_route=\/wp\/v2\/pages\/453\/revisions\/761"}],"wp:attachment":[{"href":"https:\/\/www.denizlojistik.net\/index.php?rest_route=%2Fwp%2Fv2%2Fmedia&parent=453"}],"curies":[{"name":"wp","href":"https:\/\/api.w.org\/{rel}","templated":true}]}}