{"id":441,"date":"2023-05-18T11:56:58","date_gmt":"2023-05-18T08:56:58","guid":{"rendered":"https:\/\/www.denizlojistik.net\/?page_id=441"},"modified":"2025-05-17T19:25:42","modified_gmt":"2025-05-17T16:25:42","slug":"aydinlatma-metni","status":"publish","type":"page","link":"https:\/\/www.denizlojistik.net\/?page_id=441","title":{"rendered":"AYDINLATMA METN\u0130"},"content":{"rendered":"<p>[vc_row][vc_column][vc_custom_heading text=&#8221;AYDINLATMA METN\u0130&#8221; font_container=&#8221;tag:h1|text_align:left|color:%23195e9c&#8221; google_fonts=&#8221;font_family:Roboto%20Condensed%3A300%2C300italic%2Cregular%2Citalic%2C700%2C700italic|font_style:700%20bold%20regular%3A700%3Anormal&#8221;][vc_column_text]\u0130\u015fbu ayd\u0131nlatma metni, veri sorumlusu taraf\u0131ndan hangi ki\u015fisel verilerinizin; hangi ama\u00e7la, nas\u0131l ve hangi nedenle i\u015flendi\u011fi, kimlerle payla\u015f\u0131ld\u0131\u011f\u0131 ve ne kadar s\u00fcreyle sakland\u0131\u011f\u0131 konular\u0131nda sizi bilgilendirmek amac\u0131yla haz\u0131rlanm\u0131\u015ft\u0131r. Bilgilendirme, 6698 say\u0131l\u0131 Ki\u015fisel Verilerin Korunmas\u0131 Kanunu\u2019nun 10\u2019uncu maddesi kapsam\u0131nda yap\u0131lmaktad\u0131r.<\/p>\n<p>denizlojistik.net (Web sitesi) olarak, 6698 Say\u0131l\u0131 Ki\u015fisel Verilerin Korunmas\u0131 Kanunu\u2019nun (\u201cKanun\u201d) 10\u2019uncu maddesi uyar\u0131nca haz\u0131rlad\u0131\u011f\u0131m\u0131z ve t\u00fcm veri kategorileri ile ki\u015fi gruplar\u0131na ait olmak \u00fczere ki\u015fisel veri i\u015fleme faaliyeti hakk\u0131nda bilgi i\u00e7eren ayd\u0131nlatma metnini kamuoyunun ve ilgili ki\u015filerin bilgilerine sunar\u0131z;<\/p>\n<p>MADDE 1: VER\u0130 SORUMLUSU<br \/>\nKi\u015fisel verileriniz, veri sorumlusu s\u0131fat\u0131yla denizlojistik.net taraf\u0131ndan a\u015fa\u011f\u0131da a\u00e7\u0131klanan kapsamda i\u015flenebilecektir.<br \/>\nVeri sorumlusu kavram\u0131ndan anla\u015f\u0131lmas\u0131 gereken; ki\u015fisel verilerin i\u015fleme ama\u00e7lar\u0131n\u0131 ve vas\u0131talar\u0131n\u0131 belirleyen, veri kay\u0131t sisteminin kurulmas\u0131nda ve y\u00f6netilmesinden sorumlu ger\u00e7ek veya t\u00fczel ki\u015fidir.<br \/>\nVeri sorumlusuyla irtibata ge\u00e7mek i\u00e7in a\u015fa\u011f\u0131daki kanallar\u0131 kullanabilirsiniz:<br \/>\nE-posta : info@denizlojistik.net<\/p>\n<p>MADDE 2: \u0130\u015eLENEN K\u0130\u015e\u0130SEL VER\u0130LER ve K\u0130\u015e\u0130SEL VER\u0130LER\u0130N \u0130\u015eLEME AMACI<br \/>\nWeb sitesinin ziyaret\u00e7ilerine ait bulunup taraf\u0131m\u0131zca i\u015flenen ki\u015fisel veri kategorileri a\u015fa\u011f\u0131da s\u0131ralanm\u0131\u015f olup her bir veri kategorisi, kar\u015f\u0131s\u0131nda belirtilen ama\u00e7larla i\u015flenmektedir:<br \/>\n1. Kimlik \/ \u0130leti\u015fim faaliyetlerinin y\u00fcr\u00fct\u00fclmesi<br \/>\n2. \u0130leti\u015fim \/ \u0130leti\u015fim faaliyetlerinin y\u00fcr\u00fct\u00fclmesi<br \/>\n3. \u0130\u015flem g\u00fcvenli\u011fi \/ Yetkili ki\u015fi, kurum ve kurulu\u015flara bilgi verilmesi<\/p>\n<p>MADDE 3: K\u0130\u015e\u0130SEL VER\u0130LER\u0130N AKTARILAB\u0130LECE\u011e\u0130 TARAFLAR VE AKTARMA AMACI<br \/>\nBu ayd\u0131nlatma metnine konu ki\u015fisel verilerden, yasal y\u00fck\u00fcml\u00fcl\u00fcklerin yerine getirilmesi amac\u0131yla aktar\u0131lmas\u0131 m\u00fcmk\u00fcn olanlar ve bunlar\u0131n aktar\u0131labilece\u011fi yerler a\u015fa\u011f\u0131da s\u0131ralanm\u0131\u015ft\u0131r:<br \/>\n1. Kimlik \/ Yetkili kamu kurum ve kurulu\u015flar\u0131<br \/>\n2. \u0130leti\u015fim \/ Yetkili kamu kurum ve kurulu\u015flar\u0131<br \/>\n3. \u0130\u015flem g\u00fcvenli\u011fi \/ Yetkili kamu kurum ve kurulu\u015flar\u0131<\/p>\n<p>MADDE 4: K\u0130\u015e\u0130SEL VER\u0130 TOPLAMA Y\u00d6NTEMLER\u0130 VE HUKUK\u0130 SEBEPLER\u0130<br \/>\nZiyaret\u00e7ilere ait ki\u015fisel verilerden kimlik ve ileti\u015fim bilgileri, ziyaret\u00e7inin ancak web sitesinde mevcut bir yaz\u0131ya yorum yapmas\u0131 halinde ve ilgili ki\u015finin manuel olarak bu bilgileri yorum formuna girmesiyle elde edilmektedir.<br \/>\nElde edilen bir di\u011fer bilgi ise ziyaret\u00e7ilerin IP adresi olup bu i\u015flem otomatik olarak sunucu taraf\u0131ndan ger\u00e7ekle\u015fmektedir.<br \/>\nZiyaret\u00e7ilerden elde edilen bu ki\u015fisel verilerden kimlik ve ileti\u015fim bilgisi; ziyaret\u00e7inin isim ve e-posta bilgisinden ibaret olup ziyaret\u00e7inin yorum yapmak amac\u0131yla yorum formunu doldurmas\u0131 s\u0131ras\u0131nda a\u00e7\u0131k r\u0131zas\u0131 da al\u0131narak ki\u015fisel veri i\u015flenmektedir.<br \/>\nZiyaret\u00e7inin IP adresinin kaydedilmesi ise 6698 say\u0131l\u0131 Ki\u015fisel Verilerin Korunmas\u0131 Kanunu\u2019nun 5\/2-f maddesi kapsam\u0131nda i\u015flenmektedir.<br \/>\n<q>https:\/\/www.denizlojistik.net\/<\/q><\/p>\n<p>MADDE 5: K\u0130\u015e\u0130SEL VER\u0130LER\u0130N SAKLAMA S\u00dcRES\u0130<br \/>\nBu ayd\u0131nlatma metninde yaz\u0131l\u0131 ki\u015fisel verilerin veri kategorilerine g\u00f6re saklama s\u00fcreleri a\u015fa\u011f\u0131da listelenmi\u015f olup s\u00fcre sonunda ki\u015fisel veriler imha edilir.<br \/>\n1. Kimlik \/ Kimlik bilgisinin edinilmesinden itibaren 10 y\u0131l<br \/>\n2. \u0130leti\u015fim \/ \u0130leti\u015fim bilgisinin edinilmesinden itibaren 10 y\u0131l<br \/>\n3. \u0130\u015flem g\u00fcvenli\u011fi \/ Ki\u015fisel verinin i\u015flenmesinden itibaren 10 y\u0131l<\/p>\n<p>MADDE 6: \u0130LG\u0130L\u0130 K\u0130\u015e\u0130N\u0130N HAKLARI<br \/>\nKi\u015fisel verisi i\u015flenen ger\u00e7ek ki\u015fi, ilgili ki\u015fi olarak tan\u0131mlan\u0131r ve i\u015fyerine ba\u015fvurarak kendisiyle ilgili a\u015fa\u011f\u0131daki haklara sahiptir:<br \/>\n1. Ki\u015fisel veri i\u015flenip i\u015flenmedi\u011fini \u00f6\u011frenme<br \/>\n2. Ki\u015fisel verileri i\u015flenmi\u015fse buna ili\u015fkin bilgi talep etme<br \/>\n3. Ki\u015fisel verilerin i\u015flenme amac\u0131n\u0131 ve bunlar\u0131n amac\u0131na uygun kullan\u0131l\u0131p kullan\u0131lmad\u0131\u011f\u0131n\u0131 \u00f6\u011frenme<br \/>\n4. Yurt i\u00e7inde veya yurt d\u0131\u015f\u0131nda ki\u015fisel verilerin aktar\u0131ld\u0131\u011f\u0131 \u00fc\u00e7\u00fcnc\u00fc ki\u015fileri bilme<br \/>\n5. Ki\u015fisel verilerin eksik veya yanl\u0131\u015f i\u015flenmi\u015f olmas\u0131 halinde bunlar\u0131n d\u00fczeltilmesini isteme<br \/>\n6. Ki\u015fisel verilerin silinmesini veya yok edilmesini isteme<br \/>\n7. (e) ve (f) bentleri uyar\u0131nca yap\u0131lan i\u015flemlerin, ki\u015fisel verilerin aktar\u0131ld\u0131\u011f\u0131 \u00fc\u00e7\u00fcnc\u00fc ki\u015filere bildirilmesini isteme<br \/>\n8. \u0130\u015flenen verilerin m\u00fcnhas\u0131ran otomatik sistemler vas\u0131tas\u0131yla analiz edilmesi suretiyle ki\u015finin kendisi aleyhine bir sonucun ortaya \u00e7\u0131kmas\u0131na itiraz etme<br \/>\n9. Ki\u015fisel verilerin kanuna ayk\u0131r\u0131 olarak i\u015flenmesi sebebiyle zarara u\u011framas\u0131 halinde zarar\u0131n giderilmesini talep etme<\/p>\n<p>Sayg\u0131lar\u0131m\u0131zla;<br \/>\ndenizlojistik.net<br \/>\n***<br \/>\n\u00d6nemli hat\u0131rlatma: Ayd\u0131nlatma Y\u00fck\u00fcml\u00fcl\u00fc\u011f\u00fcn\u00fcn Yerine Getirilmesinde Uyulacak Usul ve Esaslar Hakk\u0131nda Tebli\u011fin 5\u2019inci maddesinin 1\u2019inci bendinin f f\u0131kras\u0131na g\u00f6re \u201cKi\u015fisel veri i\u015fleme faaliyetinin a\u00e7\u0131k r\u0131za \u015fart\u0131na dayal\u0131 olarak ger\u00e7ekle\u015ftirilmesi halinde, ayd\u0131nlatma y\u00fck\u00fcml\u00fcl\u00fc\u011f\u00fc ve a\u00e7\u0131k r\u0131zan\u0131n al\u0131nmas\u0131 i\u015flemlerinin ayr\u0131 ayr\u0131 yerine getirilmesi gerekmektedir.\u201d<br \/>\nBu kapsamda; okudu\u011funuz bu ayd\u0131nlatma metni, a\u00e7\u0131k r\u0131zan\u0131z\u0131n al\u0131nd\u0131\u011f\u0131 anlam\u0131na gelmez. A\u00e7\u0131k r\u0131zaya dayal\u0131 olarak i\u015fledi\u011fimiz ki\u015fisel verileriniz yaln\u0131zca ad\u0131 soyad\u0131 ile e-posta bilgileriniz olup bunlar\u0131n i\u015flendi\u011fi tek yer ise YORUM b\u00f6l\u00fcm\u00fcd\u00fcr.<br \/>\nHerhangi bir yaz\u0131n\u0131n alt\u0131na yorum yazarak web sitemize ula\u015fmak istedi\u011finizde, yorum onay kutusunun hemen \u00fcst\u00fcnde yer alan bilgilendirme ile de sabittir ki; ancak a\u00e7\u0131k r\u0131za vermeniz halinde kimlik ve ileti\u015fim bilgilerinizi i\u015fleyebiliriz.<br \/>\nBu nedenle; a\u00e7\u0131k r\u0131za vermek istemiyorsan\u0131z, l\u00fctfen yorum yazarak bize ula\u015fmay\u0131n.<br \/>\nBu durum, hizmetin a\u00e7\u0131k r\u0131za \u015fart\u0131na ba\u011flanmas\u0131 olarak de\u011ferlendirilmemelidir. \u00c7\u00fcnk\u00fc web sitemizde gezinmek ve bilgiye ula\u015fmak hi\u00e7bir \u015farta tabi olmad\u0131\u011f\u0131 gibi, deniz LOJ\u0130ST\u0130K\u2019e soru sormak i\u00e7in ona do\u011frudan ula\u015fabilir ve \u015fu sayfada belirtilen sosyal medya hesaplar\u0131ndan onunla ileti\u015fime ge\u00e7ebilirsiniz:<br \/>\n<q>http:\/\/www.denizlojistik.net\/<\/q><br \/>\nBu da g\u00f6stermektedir ki; yorum yaparak soru sormak ziyaret\u00e7inin tercih edip etmemekte \u00f6zg\u00fcr oldu\u011fu bir se\u00e7enektir.<br \/>\ndenizlojistik.net olarak yasal y\u00fck\u00fcml\u00fcl\u00fck gere\u011fi olmad\u0131k\u00e7a ki\u015fisel verilerinizi i\u015flememek ana gayemizdir ve ki\u015fisel verilerin i\u015flenmesi konusunda ne kadar hassas oldu\u011fumu bilmenizi \u00f6nemle istirham ederiz.<\/p>\n<p>Gizlilik politikam\u0131za \u015fu ba\u011flant\u0131dan ula\u015fabilirsiniz: \u201c<a href=\"https:\/\/www.denizlojistik.net\/?page_id=3\">Gizlilik Politikas\u0131<\/a>\u201c<\/p>\n<p>[\/vc_column_text][\/vc_column][\/vc_row]<\/p>\n","protected":false},"excerpt":{"rendered":"<p>[vc_row][vc_column][vc_custom_heading text=&#8221;AYDINLATMA METN\u0130&#8221; font_container=&#8221;tag:h1|text_align:left|color:%23195e9c&#8221; google_fonts=&#8221;font_family:Roboto%20Condensed%3A300%2C300italic%2Cregular%2Citalic%2C700%2C700italic|font_style:700%20bold%20regular%3A700%3Anormal&#8221;][vc_column_text]\u0130\u015fbu ayd\u0131nlatma metni, veri sorumlusu taraf\u0131ndan hangi ki\u015fisel verilerinizin; hangi ama\u00e7la, nas\u0131l ve hangi nedenle i\u015flendi\u011fi, kimlerle payla\u015f\u0131ld\u0131\u011f\u0131 ve ne kadar s\u00fcreyle sakland\u0131\u011f\u0131 konular\u0131nda sizi bilgilendirmek amac\u0131yla haz\u0131rlanm\u0131\u015ft\u0131r. Bilgilendirme, 6698 say\u0131l\u0131 Ki\u015fisel Verilerin Korunmas\u0131 Kanunu\u2019nun 10\u2019uncu maddesi kapsam\u0131nda yap\u0131lmaktad\u0131r. denizlojistik.net (Web sitesi) olarak, 6698 Say\u0131l\u0131 Ki\u015fisel Verilerin Korunmas\u0131 Kanunu\u2019nun (\u201cKanun\u201d) 10\u2019uncu&hellip;<\/p>\n","protected":false},"author":1,"featured_media":0,"parent":0,"menu_order":0,"comment_status":"closed","ping_status":"closed","template":"","meta":{"_joinchat":[]},"class_list":["post-441","page","type-page","status-publish","hentry","description-off"],"_links":{"self":[{"href":"https:\/\/www.denizlojistik.net\/index.php?rest_route=\/wp\/v2\/pages\/441","targetHints":{"allow":["GET"]}}],"collection":[{"href":"https:\/\/www.denizlojistik.net\/index.php?rest_route=\/wp\/v2\/pages"}],"about":[{"href":"https:\/\/www.denizlojistik.net\/index.php?rest_route=\/wp\/v2\/types\/page"}],"author":[{"embeddable":true,"href":"https:\/\/www.denizlojistik.net\/index.php?rest_route=\/wp\/v2\/users\/1"}],"replies":[{"embeddable":true,"href":"https:\/\/www.denizlojistik.net\/index.php?rest_route=%2Fwp%2Fv2%2Fcomments&post=441"}],"version-history":[{"count":9,"href":"https:\/\/www.denizlojistik.net\/index.php?rest_route=\/wp\/v2\/pages\/441\/revisions"}],"predecessor-version":[{"id":722,"href":"https:\/\/www.denizlojistik.net\/index.php?rest_route=\/wp\/v2\/pages\/441\/revisions\/722"}],"wp:attachment":[{"href":"https:\/\/www.denizlojistik.net\/index.php?rest_route=%2Fwp%2Fv2%2Fmedia&parent=441"}],"curies":[{"name":"wp","href":"https:\/\/api.w.org\/{rel}","templated":true}]}}