{"id":397,"date":"2023-05-17T22:00:22","date_gmt":"2023-05-17T19:00:22","guid":{"rendered":"https:\/\/www.denizlojistik.net\/?page_id=397"},"modified":"2025-05-17T15:59:13","modified_gmt":"2025-05-17T12:59:13","slug":"demiryolu-tasimaciligi","status":"publish","type":"page","link":"https:\/\/www.denizlojistik.net\/?page_id=397","title":{"rendered":"DEM\u0130RYOLU TA\u015eIMACILI\u011eI"},"content":{"rendered":"<p>[vc_row][vc_column width=&#8221;1\/2&#8243;][vc_single_image image=&#8221;610&#8243; img_size=&#8221;full&#8221;][\/vc_column][vc_column width=&#8221;1\/2&#8243;][vc_column_text]<strong>deniz Lojistik<\/strong> olarak m\u00fc\u015fterilerimizin g\u00fcvenli, ekonomik, y\u00fcksek hacim ve ta\u015f\u0131ma kapasitesi sunan, h\u0131zl\u0131 ve \u00e7evreye sayg\u0131l\u0131 <strong>Demiryolu Ta\u015f\u0131mac\u0131l\u0131\u011f\u0131\u2019n\u0131n t\u00fcm avantajlar\u0131ndan faydalanmas\u0131n\u0131 sa\u011fl\u0131yoruz.\u00a0<\/strong>\u0130ster proje bazl\u0131 \u00e7al\u0131\u015fmalarda ister size \u00f6zel \u00e7\u00f6z\u00fcmlerde yan\u0131n\u0131zda oluyoruz. \u00dcr\u00fcnlerinin hava ko\u015fullar\u0131ndan, yol yasaklar\u0131ndan ve s\u0131n\u0131r kap\u0131lar\u0131ndaki yo\u011funluktan etkilenmeden var\u0131\u015f yerine\u00a0 ula\u015fmas\u0131n\u0131 sa\u011fl\u0131yoruz.<\/p>\n<p>Azerbaycan, G\u00fcrcistan, Irak, \u0130ran, Suriye, T\u00fcrkmenistan, \u00d6zbekistan, Kazakistan, Tacikistan, Ukrayna, Rusya gibi CIS*, Avrupa ve Ortado\u011fu i\u00e7in 45 ton ve \u00fczeri ta\u015f\u0131malar\u0131nda TCDD garantisi ile Demiryolu &#8211; Denizyolu \u2013 Karayolu &#8211; Havayolu ba\u011flant\u0131l\u0131 Multimodal Ta\u015f\u0131ma imkan\u0131 sunuyoruz.<\/p>\n<p>\u00d6zellikle uzun mesafeli ta\u015f\u0131ma i\u00e7in tercih edilen\u00a0<strong>Demiryolu Ta\u015f\u0131mac\u0131l\u0131\u011f\u0131\u2019nda g\u00fc\u00e7l\u00fc altyap\u0131m\u0131z ile kaliteli, kolay y\u00f6netilebilir, verimli ve devaml\u0131l\u0131k sa\u011flayan hizmet sunmay\u0131 ama\u00e7l\u0131yoruz.<\/strong><\/p>\n<p>Demiryolu Ta\u015f\u0131mac\u0131l\u0131\u011f\u0131\u2019nda da di\u011fer ta\u015f\u0131mac\u0131l\u0131k alanlar\u0131nda oldu\u011fu gibi ulusal ve uluslararas\u0131 mevzuat ve standartlarda, deneyimli ve uzman ekibimiz ile t\u00fcm s\u00fcre\u00e7lerde kapsaml\u0131 hizmet veriyoruz.<\/p>\n<p><em>*CIS: Commonwealth Of Independent States &#8211; Ba\u011f\u0131ms\u0131z Devletler Toplulu\u011fu (BDT)<\/em><\/p>\n<p><strong>\u00d6ne \u00c7\u0131kan Hizmetlerimiz:<\/strong><\/p>\n<ul>\n<li>Kafkaslar, Balkanlar, Ortado\u011fu, T\u00fcrki Cumhuriyetler Demiryolu Ta\u015f\u0131mac\u0131l\u0131\u011f\u0131<\/li>\n<li>\u0130ran Demiryolu Ta\u015f\u0131mac\u0131l\u0131\u011f\u0131<\/li>\n<li>Avrupa &#8211; T\u00fcrkiye aras\u0131 Vagon Ta\u015f\u0131mac\u0131l\u0131\u011f\u0131<\/li>\n<li>T\u00fcrkiye \u2013 Asya aras\u0131 Vagon Ta\u015f\u0131mac\u0131l\u0131\u011f\u0131<\/li>\n<li>\u00dclke S\u0131n\u0131rlar\u0131nda Aktarma, Elle\u00e7leme* ve Transit \u0130\u015flemleri<\/li>\n<li>Vagon Kiralama Hizmeti<\/li>\n<li>\u00dclkeler aras\u0131 Proje Ta\u015f\u0131mac\u0131l\u0131\u011f\u0131<\/li>\n<li>Sigortal\u0131, G\u00fcvenli, D\u00fczenli Takip Sistem Destekli Ta\u015f\u0131ma<\/li>\n<\/ul>\n<p>[\/vc_column_text][\/vc_column][\/vc_row]<\/p>\n","protected":false},"excerpt":{"rendered":"<p>[vc_row][vc_column width=&#8221;1\/2&#8243;][vc_single_image image=&#8221;610&#8243; img_size=&#8221;full&#8221;][\/vc_column][vc_column width=&#8221;1\/2&#8243;][vc_column_text]deniz Lojistik olarak m\u00fc\u015fterilerimizin g\u00fcvenli, ekonomik, y\u00fcksek hacim ve ta\u015f\u0131ma kapasitesi sunan, h\u0131zl\u0131 ve \u00e7evreye sayg\u0131l\u0131 Demiryolu Ta\u015f\u0131mac\u0131l\u0131\u011f\u0131\u2019n\u0131n t\u00fcm avantajlar\u0131ndan faydalanmas\u0131n\u0131 sa\u011fl\u0131yoruz.\u00a0\u0130ster proje bazl\u0131 \u00e7al\u0131\u015fmalarda ister size \u00f6zel \u00e7\u00f6z\u00fcmlerde yan\u0131n\u0131zda oluyoruz. \u00dcr\u00fcnlerinin hava ko\u015fullar\u0131ndan, yol yasaklar\u0131ndan ve s\u0131n\u0131r kap\u0131lar\u0131ndaki yo\u011funluktan etkilenmeden var\u0131\u015f yerine\u00a0 ula\u015fmas\u0131n\u0131 sa\u011fl\u0131yoruz. Azerbaycan, G\u00fcrcistan, Irak, \u0130ran, Suriye, T\u00fcrkmenistan,&hellip;<\/p>\n","protected":false},"author":1,"featured_media":0,"parent":0,"menu_order":0,"comment_status":"closed","ping_status":"closed","template":"","meta":{"_joinchat":[]},"class_list":["post-397","page","type-page","status-publish","hentry","description-off"],"_links":{"self":[{"href":"https:\/\/www.denizlojistik.net\/index.php?rest_route=\/wp\/v2\/pages\/397","targetHints":{"allow":["GET"]}}],"collection":[{"href":"https:\/\/www.denizlojistik.net\/index.php?rest_route=\/wp\/v2\/pages"}],"about":[{"href":"https:\/\/www.denizlojistik.net\/index.php?rest_route=\/wp\/v2\/types\/page"}],"author":[{"embeddable":true,"href":"https:\/\/www.denizlojistik.net\/index.php?rest_route=\/wp\/v2\/users\/1"}],"replies":[{"embeddable":true,"href":"https:\/\/www.denizlojistik.net\/index.php?rest_route=%2Fwp%2Fv2%2Fcomments&post=397"}],"version-history":[{"count":11,"href":"https:\/\/www.denizlojistik.net\/index.php?rest_route=\/wp\/v2\/pages\/397\/revisions"}],"predecessor-version":[{"id":613,"href":"https:\/\/www.denizlojistik.net\/index.php?rest_route=\/wp\/v2\/pages\/397\/revisions\/613"}],"wp:attachment":[{"href":"https:\/\/www.denizlojistik.net\/index.php?rest_route=%2Fwp%2Fv2%2Fmedia&parent=397"}],"curies":[{"name":"wp","href":"https:\/\/api.w.org\/{rel}","templated":true}]}}