{"id":379,"date":"2023-05-17T21:31:57","date_gmt":"2023-05-17T18:31:57","guid":{"rendered":"https:\/\/www.denizlojistik.net\/?page_id=379"},"modified":"2025-05-17T16:03:20","modified_gmt":"2025-05-17T13:03:20","slug":"havayolu-tasimaciligi","status":"publish","type":"page","link":"https:\/\/www.denizlojistik.net\/?page_id=379","title":{"rendered":"HAVAYOLU TA\u015eIMACILI\u011eI"},"content":{"rendered":"<p>[vc_row][vc_column width=&#8221;1\/2&#8243;][vc_single_image image=&#8221;614&#8243; img_size=&#8221;full&#8221;][\/vc_column][vc_column width=&#8221;1\/2&#8243;][vc_column_text]Hava kargo y\u00fcklemelerinizde; profesyonel acente a\u011f\u0131m\u0131z ve\u00a0bir\u00e7ok havayolu \u015firketi anla\u015fmal\u0131 rakamlar\u0131m\u0131z ile sizlere her\u00a0noktaya ihracat ve her noktadan ithalat servisi sunuyoruz.<\/p>\n<p>\u00c7\u0131k\u0131\u015f ve var\u0131\u015f noktalar\u0131nda sizlere h\u0131zl\u0131, g\u00fcvenilir, sorunsuz ve\u00a0uygun fiyatl\u0131 hizmetlerimizi profesyonel ekibimiz ile ihtiyac\u0131n\u0131z\u00a0olan her anda sunmaya haz\u0131r\u0131z.<\/p>\n<p>IATA \u00fcyeli\u011fimizle birlikte havayolu ta\u015f\u0131mac\u0131l\u0131\u011f\u0131n\u0131n kaliteli hizmetle sunulmas\u0131n\u0131 sa\u011flanmakt\u0131r: en y\u00fcksek h\u0131z, emniyet, g\u00fcvenlik, uygunluk ve verimlilik ana ilkelerimizdendir.<\/p>\n<p>Hava ta\u015f\u0131ma servislerimiz;<\/p>\n<ul>\n<li>\u0130hracat<\/li>\n<li>\u0130thalat<\/li>\n<li>Konsolidasyon<\/li>\n<li>Tehlikeli Madde Ta\u015f\u0131mac\u0131l\u0131\u011f\u0131<\/li>\n<li>Hava &amp; Deniz<\/li>\n<li>Hava &amp; Kara<\/li>\n<li>Proje Kargo<\/li>\n<\/ul>\n<p>[\/vc_column_text][\/vc_column][\/vc_row]<\/p>\n","protected":false},"excerpt":{"rendered":"<p>[vc_row][vc_column width=&#8221;1\/2&#8243;][vc_single_image image=&#8221;614&#8243; img_size=&#8221;full&#8221;][\/vc_column][vc_column width=&#8221;1\/2&#8243;][vc_column_text]Hava kargo y\u00fcklemelerinizde; profesyonel acente a\u011f\u0131m\u0131z ve\u00a0bir\u00e7ok havayolu \u015firketi anla\u015fmal\u0131 rakamlar\u0131m\u0131z ile sizlere her\u00a0noktaya ihracat ve her noktadan ithalat servisi sunuyoruz. \u00c7\u0131k\u0131\u015f ve var\u0131\u015f noktalar\u0131nda sizlere h\u0131zl\u0131, g\u00fcvenilir, sorunsuz ve\u00a0uygun fiyatl\u0131 hizmetlerimizi profesyonel ekibimiz ile ihtiyac\u0131n\u0131z\u00a0olan her anda sunmaya haz\u0131r\u0131z. IATA \u00fcyeli\u011fimizle birlikte havayolu ta\u015f\u0131mac\u0131l\u0131\u011f\u0131n\u0131n kaliteli hizmetle sunulmas\u0131n\u0131 sa\u011flanmakt\u0131r: en y\u00fcksek&hellip;<\/p>\n","protected":false},"author":1,"featured_media":0,"parent":0,"menu_order":0,"comment_status":"closed","ping_status":"closed","template":"","meta":{"_joinchat":[]},"class_list":["post-379","page","type-page","status-publish","hentry","description-off"],"_links":{"self":[{"href":"https:\/\/www.denizlojistik.net\/index.php?rest_route=\/wp\/v2\/pages\/379","targetHints":{"allow":["GET"]}}],"collection":[{"href":"https:\/\/www.denizlojistik.net\/index.php?rest_route=\/wp\/v2\/pages"}],"about":[{"href":"https:\/\/www.denizlojistik.net\/index.php?rest_route=\/wp\/v2\/types\/page"}],"author":[{"embeddable":true,"href":"https:\/\/www.denizlojistik.net\/index.php?rest_route=\/wp\/v2\/users\/1"}],"replies":[{"embeddable":true,"href":"https:\/\/www.denizlojistik.net\/index.php?rest_route=%2Fwp%2Fv2%2Fcomments&post=379"}],"version-history":[{"count":13,"href":"https:\/\/www.denizlojistik.net\/index.php?rest_route=\/wp\/v2\/pages\/379\/revisions"}],"predecessor-version":[{"id":615,"href":"https:\/\/www.denizlojistik.net\/index.php?rest_route=\/wp\/v2\/pages\/379\/revisions\/615"}],"wp:attachment":[{"href":"https:\/\/www.denizlojistik.net\/index.php?rest_route=%2Fwp%2Fv2%2Fmedia&parent=379"}],"curies":[{"name":"wp","href":"https:\/\/api.w.org\/{rel}","templated":true}]}}