{"id":317,"date":"2023-05-16T00:34:23","date_gmt":"2023-05-15T21:34:23","guid":{"rendered":"https:\/\/www.denizlojistik.net\/?page_id=317"},"modified":"2025-05-17T19:26:57","modified_gmt":"2025-05-17T16:26:57","slug":"navlun-teklifi","status":"publish","type":"page","link":"https:\/\/www.denizlojistik.net\/?page_id=317","title":{"rendered":"NAVLUN TEKL\u0130F\u0130"},"content":{"rendered":"<p>[vc_row full_width=&#8221;stretch_row&#8221; disable_element=&#8221;yes&#8221;][vc_column width=&#8221;1\/4&#8243;][\/vc_column][vc_column width=&#8221;1\/2&#8243;][vc_custom_heading text=&#8221;NAVLUN TALEB\u0130&#8221; font_container=&#8221;tag:h1|text_align:left|color:%23c9c9c9&#8243; google_fonts=&#8221;font_family:Roboto%20Condensed%3A300%2C300italic%2Cregular%2Citalic%2C700%2C700italic|font_style:700%20bold%20regular%3A700%3Anormal&#8221;][vc_empty_space]\n<div class=\"wpcf7 no-js\" id=\"wpcf7-f542-o1\" lang=\"tr-TR\" dir=\"ltr\">\n<div class=\"screen-reader-response\"><p role=\"status\" aria-live=\"polite\" aria-atomic=\"true\"><\/p> <ul><\/ul><\/div>\n<form action=\"\/index.php?rest_route=%2Fwp%2Fv2%2Fpages%2F317#wpcf7-f542-o1\" method=\"post\" class=\"wpcf7-form init\" aria-label=\"Contact form\" novalidate=\"novalidate\" data-status=\"init\">\n<div style=\"display: none;\">\n<input type=\"hidden\" name=\"_wpcf7\" value=\"542\" \/>\n<input type=\"hidden\" name=\"_wpcf7_version\" value=\"5.8.4\" \/>\n<input type=\"hidden\" name=\"_wpcf7_locale\" value=\"tr_TR\" \/>\n<input type=\"hidden\" name=\"_wpcf7_unit_tag\" value=\"wpcf7-f542-o1\" \/>\n<input type=\"hidden\" name=\"_wpcf7_container_post\" value=\"0\" \/>\n<input type=\"hidden\" name=\"_wpcf7_posted_data_hash\" value=\"\" \/>\n<input type=\"hidden\" name=\"_uacf7_hidden_conditional_fields\" value=\"\" \/>\n<input type=\"hidden\" name=\"_wpcf7_recaptcha_response\" value=\"\" \/>\n<\/div>\n<div class=\"uacf7-form-542\"><label>NAKL\u0130YE \u015eEKL\u0130\n<span class=\"wpcf7-form-control-wrap\" data-name=\"menu-357\"><select class=\"wpcf7-form-control wpcf7-select\" aria-invalid=\"false\" name=\"menu-357\"><option value=\"KARAYOLU TA\u015eIMACILI\u011eI\">KARAYOLU TA\u015eIMACILI\u011eI<\/option><option value=\"DEN\u0130ZYOLU TA\u015eIMACILI\u011eI\">DEN\u0130ZYOLU TA\u015eIMACILI\u011eI<\/option><option value=\"DEM\u0130RYOLU TA\u015eIMACILI\u011eI\">DEM\u0130RYOLU TA\u015eIMACILI\u011eI<\/option><option value=\"HAVAYOLU TA\u015eIMACILI\u011eI\">HAVAYOLU TA\u015eIMACILI\u011eI<\/option><\/select><\/span> <\/label> \n\n\n<label>TAHM\u0130N\u0130 HAZIR OLMA TAR\u0130H\u0130 <span class=\"wpcf7-form-control-wrap\" data-name=\"date-641\"><input class=\"wpcf7-form-control wpcf7-date wpcf7-validates-as-date\" aria-invalid=\"false\" value=\"\" type=\"date\" name=\"date-641\" \/><\/span> <\/label> \n<label> ADINIZ SOYADINIZ <span class=\"wpcf7-form-control-wrap\" data-name=\"text-524\"><input size=\"40\" class=\"wpcf7-form-control wpcf7-text\" aria-invalid=\"false\" value=\"\" type=\"text\" name=\"text-524\" \/><\/span><\/label> \n<label> TELEFON NUMARANIZ <span class=\"wpcf7-form-control-wrap\" data-name=\"tel-664\"><input size=\"40\" class=\"wpcf7-form-control wpcf7-text\" aria-invalid=\"false\" value=\"\" type=\"text\" name=\"tel-664\" \/><\/span> <\/label>  \n<label> E-MAIL ADRES\u0130N\u0130Z <span class=\"wpcf7-form-control-wrap\" data-name=\"email-368\"><input size=\"40\" class=\"wpcf7-form-control wpcf7-email wpcf7-text wpcf7-validates-as-email\" aria-invalid=\"false\" value=\"\" type=\"email\" name=\"email-368\" \/><\/span> <\/label>\n<label> NEREDEN <span class=\"wpcf7-form-control-wrap\" data-name=\"text-46\"><input size=\"40\" class=\"wpcf7-form-control wpcf7-text\" aria-invalid=\"false\" value=\"\" type=\"text\" name=\"text-46\" \/><\/span><\/label> \n<label> NEREYE <span class=\"wpcf7-form-control-wrap\" data-name=\"text-47\"><input size=\"40\" class=\"wpcf7-form-control wpcf7-text\" aria-invalid=\"false\" value=\"\" type=\"text\" name=\"text-47\" \/><\/span><\/label> \n<label> MAL C\u0130NS\u0130 <span class=\"wpcf7-form-control-wrap\" data-name=\"text-48\"><input size=\"40\" class=\"wpcf7-form-control wpcf7-text\" aria-invalid=\"false\" value=\"\" type=\"text\" name=\"text-48\" \/><\/span><\/label>\n<label> A\u00c7IKLAMA <span class=\"wpcf7-form-control-wrap\" data-name=\"textarea-368\"><textarea cols=\"40\" rows=\"10\" class=\"wpcf7-form-control wpcf7-textarea\" aria-invalid=\"false\" name=\"textarea-368\"><\/textarea><\/span><\/label>\n<span class=\"wpcf7-form-control-wrap recaptcha\" data-name=\"recaptcha\"><span data-sitekey=\"6LdgGlgpAAAAAAMUqV2XE-OWYjLsVRJBJIsWeeHt\" class=\"wpcf7-form-control wpcf7-recaptcha g-recaptcha\"><\/span>\n<noscript>\n\t<div class=\"grecaptcha-noscript\">\n\t\t<iframe loading=\"lazy\" src=\"https:\/\/www.google.com\/recaptcha\/api\/fallback?k=6LdgGlgpAAAAAAMUqV2XE-OWYjLsVRJBJIsWeeHt\" frameborder=\"0\" scrolling=\"no\" width=\"310\" height=\"430\">\n\t\t<\/iframe>\n\t\t<textarea name=\"g-recaptcha-response\" rows=\"3\" cols=\"40\" placeholder=\"reCaptcha Response Here\">\n\t\t<\/textarea>\n\t<\/div>\n<\/noscript>\n<\/span>\n<input class=\"wpcf7-form-control wpcf7-submit has-spinner\" type=\"submit\" value=\"G\u00d6NDER\" \/><\/div><div class=\"wpcf7-response-output\" aria-hidden=\"true\"><\/div>\n<\/form>\n<\/div>\n[vc_empty_space][\/vc_column][vc_column width=&#8221;1\/4&#8243;][\/vc_column][\/vc_row][vc_row full_width=&#8221;stretch_row&#8221;][vc_column][vc_custom_heading text=&#8221;NAVLUN TALEB\u0130&#8221; font_container=&#8221;tag:h1|text_align:left|color:%23195e9c&#8221; google_fonts=&#8221;font_family:Roboto%20Condensed%3A300%2C300italic%2Cregular%2Citalic%2C700%2C700italic|font_style:700%20bold%20regular%3A700%3Anormal&#8221;][vc_empty_space]\n<div class=\"wpcf7 no-js\" id=\"wpcf7-f323-o2\" lang=\"tr-TR\" dir=\"ltr\">\n<div class=\"screen-reader-response\"><p role=\"status\" aria-live=\"polite\" aria-atomic=\"true\"><\/p> <ul><\/ul><\/div>\n<form action=\"\/index.php?rest_route=%2Fwp%2Fv2%2Fpages%2F317#wpcf7-f323-o2\" method=\"post\" class=\"wpcf7-form init\" aria-label=\"Contact form\" novalidate=\"novalidate\" data-status=\"init\">\n<div style=\"display: none;\">\n<input type=\"hidden\" name=\"_wpcf7\" value=\"323\" \/>\n<input type=\"hidden\" name=\"_wpcf7_version\" value=\"5.8.4\" \/>\n<input type=\"hidden\" name=\"_wpcf7_locale\" value=\"tr_TR\" \/>\n<input type=\"hidden\" name=\"_wpcf7_unit_tag\" value=\"wpcf7-f323-o2\" \/>\n<input type=\"hidden\" name=\"_wpcf7_container_post\" value=\"0\" \/>\n<input type=\"hidden\" name=\"_wpcf7_posted_data_hash\" value=\"\" \/>\n<input type=\"hidden\" name=\"_uacf7_hidden_conditional_fields\" value=\"\" \/>\n<input type=\"hidden\" name=\"_wpcf7_recaptcha_response\" value=\"\" \/>\n<\/div>\n                <style>\n                    .uacf7-uacf7style-323 label {\n                        color: ;\n                        background-color: ;\n                        font-size: px;\n                        font-family: ;\n                        font-style: normal;\n                        font-weight: normal;\n                        padding-top: px;\n                        padding-right: px;\n                        padding-bottom: px;\n                        padding-left: px;\n                        margin-top: px;\n                        margin-right: px;\n                        margin-bottom: px;\n                        margin-left: px;\n                    }\n                    .uacf7-uacf7style-323 input[type=\"email\"],\n                    .uacf7-uacf7style-323 input[type=\"number\"],\n                    .uacf7-uacf7style-323 input[type=\"password\"],\n                    .uacf7-uacf7style-323 input[type=\"search\"],\n                    .uacf7-uacf7style-323 input[type=\"tel\"],\n                    .uacf7-uacf7style-323 input[type=\"text\"],\n                    .uacf7-uacf7style-323 input[type=\"url\"],\n                    .uacf7-uacf7style-323 input[type=\"date\"],\n                    .uacf7-uacf7style-323 select,\n                    .uacf7-uacf7style-323 textarea {\n                        color: #130d51;\n                        background-color: #f2f2f2;\n                        font-size: 16px;\n                        font-family: ;\n                        font-style: normal;\n                        font-weight: 500;\n                        height: px;\n                        border-width: px;\n                        border-color: ;\n                        border-style: none;\n                        border-radius: px;\n                        padding-top: px;\n                        padding-right: px;\n                        padding-bottom: px;\n                        padding-left: px;\n                        margin-top: px;\n                        margin-right: px;\n                        margin-bottom: px;\n                        margin-left: px;\n                    }\n                    .uacf7-uacf7style-323 .wpcf7-radio span,\n                    .uacf7-uacf7style-323 .wpcf7-checkbox span {\n                        color: #130d51;\n                        font-size: 16px;\n                        font-family: ;\n                        font-style: normal;\n                        font-weight: 500;\n                    }\n                    .uacf7-uacf7style-323 textarea {\n                        height: px;\n                    }\n                    .wpcf7-form-control-wrap select {\n                        width: 100%;\n                    }\n                    .uacf7-uacf7style-323 input[type=\"submit\"] {\n                        color: ;\n                        background-color: ;\n                        font-size: px;\n                        font-family: ;\n                        font-style: normal;\n                        font-weight: normal;\n                        border-width: px;\n                        border-color: ;\n                        border-style: none;\n                        border-radius: px;\n                        width: ;\n                        padding-top: px;\n                        padding-right: px;\n                        padding-bottom: px;\n                        padding-left: px;\n                        margin-top: px;\n                        margin-right: px;\n                        margin-bottom: px;\n                        margin-left: px;\n                    }\n                    .uacf7-uacf7style-323 input[type=\"submit\"]:hover {\n                        color: ;\n                        background-color: ;\n                        border-color: ;\n                    }\n                                    <\/style>\n                <div class=\"uacf7-uacf7style-323\"><div class=\"uacf7-form-323\"><div class=\"uacf7-row\">\n<div class=\"uacf7-col-3\"> \n<label>NAKL\u0130YE \u015eEKL\u0130\n <span class=\"wpcf7-form-control-wrap\" data-name=\"menu-357\"><select class=\"wpcf7-form-control wpcf7-select\" aria-invalid=\"false\" name=\"menu-357\"><option value=\"KARAYOLU TA\u015eIMACILI\u011eI\">KARAYOLU TA\u015eIMACILI\u011eI<\/option><option value=\"DEN\u0130ZYOLU TA\u015eIMACILI\u011eI\">DEN\u0130ZYOLU TA\u015eIMACILI\u011eI<\/option><option value=\"DEM\u0130RYOLU TA\u015eIMACILI\u011eI\">DEM\u0130RYOLU TA\u015eIMACILI\u011eI<\/option><option value=\"HAVAYOLU TA\u015eIMACILI\u011eI\">HAVAYOLU TA\u015eIMACILI\u011eI<\/option><\/select><\/span> <\/label> \n<\/div>\n\n<div class=\"uacf7-col-3\"><label>TAHM\u0130N\u0130 HAZIR OLMA TAR\u0130H\u0130 <span class=\"wpcf7-form-control-wrap\" data-name=\"date-641\"><input class=\"wpcf7-form-control wpcf7-date wpcf7-validates-as-date\" aria-invalid=\"false\" value=\"\" type=\"date\" name=\"date-641\" \/><\/span> <\/label> <\/div>\n<\/div>\n\n<div class=\"uacf7-row\"><div class=\"uacf7-col-3\"> <label> ADINIZ SOYADINIZ <span class=\"wpcf7-form-control-wrap\" data-name=\"text-524\"><input size=\"40\" class=\"wpcf7-form-control wpcf7-text\" aria-invalid=\"false\" value=\"\" type=\"text\" name=\"text-524\" \/><\/span><\/label> \n <\/div><div class=\"uacf7-col-3\"> <label> TELEFON NUMARANIZ <span class=\"wpcf7-form-control-wrap\" data-name=\"tel-664\"><input size=\"40\" class=\"wpcf7-form-control wpcf7-text\" aria-invalid=\"false\" value=\"\" type=\"text\" name=\"tel-664\" \/><\/span> <\/label>  <\/div><div class=\"uacf7-col-3\"> <label> E-MAIL ADRES\u0130N\u0130Z <span class=\"wpcf7-form-control-wrap\" data-name=\"email-368\"><input size=\"40\" class=\"wpcf7-form-control wpcf7-email wpcf7-text wpcf7-validates-as-email\" aria-invalid=\"false\" value=\"\" type=\"email\" name=\"email-368\" \/><\/span> <\/label>\n <\/div><\/div>\n\n<div class=\"uacf7-row\"><div class=\"uacf7-col-3\"> <label> NEREDEN <span class=\"wpcf7-form-control-wrap\" data-name=\"text-46\"><input size=\"40\" class=\"wpcf7-form-control wpcf7-text\" aria-invalid=\"false\" value=\"\" type=\"text\" name=\"text-46\" \/><\/span><\/label> <\/div><div class=\"uacf7-col-3\"> <label>NEREYE <span class=\"wpcf7-form-control-wrap\" data-name=\"text-47\"><input size=\"40\" class=\"wpcf7-form-control wpcf7-text\" aria-invalid=\"false\" value=\"\" type=\"text\" name=\"text-47\" \/><\/span><\/label> <\/div><div class=\"uacf7-col-3\"><label> MAL C\u0130NS\u0130 <span class=\"wpcf7-form-control-wrap\" data-name=\"text-48\"><input size=\"40\" class=\"wpcf7-form-control wpcf7-text\" aria-invalid=\"false\" value=\"\" type=\"text\" name=\"text-48\" \/><\/span><\/label> <\/div><\/div>\n\n<div class=\"uacf7-row\"><div class=\"uacf7-col-12\"><label> A\u00c7IKLAMA <span class=\"wpcf7-form-control-wrap\" data-name=\"textarea-368\"><textarea cols=\"40\" rows=\"10\" class=\"wpcf7-form-control wpcf7-textarea\" aria-invalid=\"false\" name=\"textarea-368\"><\/textarea><\/span><\/label><\/div><\/div>\n\n<input class=\"wpcf7-form-control wpcf7-submit has-spinner\" type=\"submit\" value=\"G\u00d6NDER\" \/><\/div><\/div><div class=\"wpcf7-response-output\" aria-hidden=\"true\"><\/div>\n<\/form>\n<\/div>\n[vc_empty_space][\/vc_column][\/vc_row][vc_row equal_height=&#8221;yes&#8221;][vc_column][\/vc_column][\/vc_row]<\/p>\n","protected":false},"excerpt":{"rendered":"<p>[vc_row full_width=&#8221;stretch_row&#8221; disable_element=&#8221;yes&#8221;][vc_column width=&#8221;1\/4&#8243;][\/vc_column][vc_column width=&#8221;1\/2&#8243;][vc_custom_heading text=&#8221;NAVLUN TALEB\u0130&#8221; font_container=&#8221;tag:h1|text_align:left|color:%23c9c9c9&#8243; google_fonts=&#8221;font_family:Roboto%20Condensed%3A300%2C300italic%2Cregular%2Citalic%2C700%2C700italic|font_style:700%20bold%20regular%3A700%3Anormal&#8221;][vc_empty_space][vc_empty_space][\/vc_column][vc_column width=&#8221;1\/4&#8243;][\/vc_column][\/vc_row][vc_row full_width=&#8221;stretch_row&#8221;][vc_column][vc_custom_heading text=&#8221;NAVLUN TALEB\u0130&#8221; font_container=&#8221;tag:h1|text_align:left|color:%23195e9c&#8221; google_fonts=&#8221;font_family:Roboto%20Condensed%3A300%2C300italic%2Cregular%2Citalic%2C700%2C700italic|font_style:700%20bold%20regular%3A700%3Anormal&#8221;][vc_empty_space][vc_empty_space][\/vc_column][\/vc_row][vc_row equal_height=&#8221;yes&#8221;][vc_column][\/vc_column][\/vc_row]<\/p>\n","protected":false},"author":1,"featured_media":0,"parent":0,"menu_order":0,"comment_status":"closed","ping_status":"closed","template":"","meta":{"_joinchat":[]},"class_list":["post-317","page","type-page","status-publish","hentry","description-off"],"_links":{"self":[{"href":"https:\/\/www.denizlojistik.net\/index.php?rest_route=\/wp\/v2\/pages\/317","targetHints":{"allow":["GET"]}}],"collection":[{"href":"https:\/\/www.denizlojistik.net\/index.php?rest_route=\/wp\/v2\/pages"}],"about":[{"href":"https:\/\/www.denizlojistik.net\/index.php?rest_route=\/wp\/v2\/types\/page"}],"author":[{"embeddable":true,"href":"https:\/\/www.denizlojistik.net\/index.php?rest_route=\/wp\/v2\/users\/1"}],"replies":[{"embeddable":true,"href":"https:\/\/www.denizlojistik.net\/index.php?rest_route=%2Fwp%2Fv2%2Fcomments&post=317"}],"version-history":[{"count":58,"href":"https:\/\/www.denizlojistik.net\/index.php?rest_route=\/wp\/v2\/pages\/317\/revisions"}],"predecessor-version":[{"id":723,"href":"https:\/\/www.denizlojistik.net\/index.php?rest_route=\/wp\/v2\/pages\/317\/revisions\/723"}],"wp:attachment":[{"href":"https:\/\/www.denizlojistik.net\/index.php?rest_route=%2Fwp%2Fv2%2Fmedia&parent=317"}],"curies":[{"name":"wp","href":"https:\/\/api.w.org\/{rel}","templated":true}]}}